{"id":1351,"date":"2021-05-10T20:00:59","date_gmt":"2021-05-10T20:00:59","guid":{"rendered":"https:\/\/www.lafermeduplaton.com\/nous-contacter\/"},"modified":"2021-11-12T20:28:30","modified_gmt":"2021-11-12T20:28:30","slug":"nous-contacter","status":"publish","type":"page","link":"https:\/\/www.lafermeduplaton.com\/en\/nous-contacter\/","title":{"rendered":"Contact us"},"content":{"rendered":"<p><img decoding=\"async\" src=\"\/wp-content\/uploads\/2021\/05\/sun.png\" alt=\"\"><\/p>\n<h1>\n<p class=\"p1\">La Ferme du Platon is located in the magnificent<span class=\"Apple-converted-space\">\u00a0 <\/span>region of Lotbini\u00e8re, only a few minutes from Quebec City (Quebec, Canada), on the south shore of the St. Lawrence River.<\/p>\n<\/h1>\n<div>\n<p><span>6930, route Marie-Victorin<\/span><br \/><span>Sainte-Croix (Qu\u00e9bec), <\/span><span>Canada<br \/>G0S 2H0<br \/><\/span><\/p>\n<\/div>\n<div>\n<p><strong>T\u00e9l.:<\/strong><span> 418 926 2444<\/span><br \/><strong>Fax:<\/strong><span> 418 926 2351<\/span><br \/><a href=\"mailto:laferme@lafermeduplaton.com\">laferme@lafermeduplaton.com<\/a><\/p>\n<\/div>\n<h1>\n<h1 class=\"p1\">Route<\/h1>\n<\/h1>\n<div>\n<div id=\"content_right2\">\n<p class=\"p1\">From Quebec City, take the Pont de Qu\u00e9bec bridge over to the south shore, then follow the river west on scenic Marie-Victorin Expressway [Highway132] to the village of Sainte-Croix. Once past<span class=\"Apple-converted-space\">\u00a0 <\/span>the village, continue west on the 132 for 7 km. Our farm is located on the right, just before the road leading to Domaine Joly. It is identified by a sign in the shape of a coat of arms.<\/p>\n<\/div>\n<\/div>\n<div>\n<p class=\"p1\">If you prefer to take the highway, or if you are coming from another region of Quebec, take Highway 20 until<span class=\"Apple-converted-space\">\u00a0 <\/span>the Laurier-Station exit [278]. Then, follow route 271 towards Sainte-Croix. At the crossroads with the Marie-Victorin Expressway [Highway 132], turn left towards the west. Once past<span class=\"Apple-converted-space\">\u00a0 <\/span>the village, continue west on the 132 for 7 km. Our farm is located on the right, just before the road leading to Domaine Joly. It is identified by a sign in the shape of a coat of arms.<\/p>\n<\/div>\n<div><iframe src=\"https:\/\/www.google.com\/maps\/embed?pb=!1m14!1m8!1m3!1d43829.026237933875!2d-71.84635188000287!3d46.64031041349868!3m2!1i1024!2i768!4f13.1!3m3!1m2!1s0x4cc778c7f95fe281%3A0x8b37aefe273fc326!2sLa%20Ferme%20Du%20Platon!5e0!3m2!1sfr!2sca!4v1634306224082!5m2!1sfr!2sca\" width=\"100%\" height=\"450\" style=\"border:0;\" allowfullscreen=\"\" loading=\"lazy\"><\/iframe><\/div>\n<p><!--more--><br \/>\n<!-- {\"name\":\"Contact\",\"type\":\"layout\",\"children\":[{\"type\":\"section\",\"props\":{\"style\":\"default\",\"width\":\"\",\"vertical_align\":\"middle\",\"title_position\":\"top-left\",\"title_rotation\":\"left\",\"title_breakpoint\":\"xl\",\"image_position\":\"center-center\",\"padding\":\"xlarge\",\"image\":\"wp-content\\\/uploads\\\/2021\\\/10\\\/EOSR1149-Mod-2_WEB-1.jpg\",\"image_size\":\"cover\",\"css\":\"@media (min-width: 960px) {\\n    .el-section > div  {\\n        padding-top: 350px;\\n        padding-bottom: 350px;\\n    }\\n}\",\"image_width\":\"auto\"},\"children\":[{\"type\":\"row\",\"children\":[{\"type\":\"column\",\"props\":{\"image_position\":\"center-center\",\"media_overlay_gradient\":\"\",\"width_medium\":\"1-1\",\"image\":\"\",\"image_width\":\"auto\",\"image_size\":\"cover\"},\"children\":[{\"type\":\"image\",\"props\":{\"margin\":\"default\",\"image_svg_color\":\"emphasis\",\"position\":\"absolute\",\"position_z_index\":\"0\",\"animation\":\"parallax\",\"image\":\"wp-content\\\/uploads\\\/2021\\\/05\\\/sun.png\",\"position_left\":\"10vw\",\"css\":\".el-image { \\n    min-width: 150px;\\n    max-width: 30vw;\\n}\",\"parallax_y_end\":\"-3vh\",\"parallax_y_start\":\"3vh\"}}]}]}],\"name\":\"Hero\"},{\"type\":\"section\",\"props\":{\"style\":\"default\",\"width\":\"default\",\"vertical_align\":\"middle\",\"title_position\":\"top-left\",\"title_rotation\":\"left\",\"title_breakpoint\":\"xl\",\"image_position\":\"center-center\",\"padding\":\"large\"},\"children\":[{\"type\":\"row\",\"props\":{\"layout\":\"1-2,1-4,1-4|1-1,1-2,1-2\",\"margin\":\"medium\",\"margin_remove_bottom\":false},\"children\":[{\"type\":\"column\",\"props\":{\"image_position\":\"center-center\",\"media_overlay_gradient\":\"\",\"width_medium\":\"1-2\",\"width_small\":\"1-1\"},\"children\":[{\"type\":\"headline\",\"props\":{\"title_element\":\"h1\",\"title_style\":\"h4\",\"text_align\":\"left\",\"text_align_breakpoint\":\"s\",\"text_align_fallback\":\"center\",\"maxwidth\":\"large\",\"content\":\"\n\n<p class=\\\"p1\\\">La Ferme du Platon is located in the magnificent<span class=\\\"Apple-converted-space\\\">\\u00a0 <\\\/span>region of Lotbini\\u00e8re, only a few minutes from Quebec City (Quebec, Canada), on the south shore of the St. Lawrence River.<\\\/p>\",\"position\":\"relative\",\"position_z_index\":\"1\"}}]},{\"type\":\"column\",\"props\":{\"image_position\":\"center-center\",\"media_overlay_gradient\":\"\",\"width_medium\":\"1-4\",\"width_small\":\"1-2\"},\"children\":[{\"type\":\"text\",\"props\":{\"margin\":\"default\",\"column_breakpoint\":\"m\",\"text_align\":\"left\",\"text_align_breakpoint\":\"s\",\"text_align_fallback\":\"center\",\"content\":\"\n\n<p><span>6930, route Marie-Victorin<\\\/span><br \\\/><span>Sainte-Croix (Qu\\u00e9bec), <\\\/span><span>Canada<br \\\/>G0S 2H0<br \\\/><\\\/span><\\\/p>\",\"position\":\"relative\",\"position_z_index\":\"1\"}}]},{\"type\":\"column\",\"props\":{\"image_position\":\"center-center\",\"media_overlay_gradient\":\"\",\"width_medium\":\"1-4\",\"width_small\":\"1-2\"},\"children\":[{\"type\":\"text\",\"props\":{\"margin\":\"default\",\"column_breakpoint\":\"m\",\"position\":\"relative\",\"position_z_index\":\"1\",\"text_align\":\"left\",\"text_align_breakpoint\":\"s\",\"text_align_fallback\":\"center\",\"content\":\"\n\n<p><strong>T\\u00e9l.:<\\\/strong><span> 418 926 2444<\\\/span><br \\\/><strong>Fax:<\\\/strong><span> 418 926 2351<\\\/span><br \\\/><a href=\\\"mailto:laferme@lafermeduplaton.com\\\">laferme@lafermeduplaton.com<\\\/a><\\\/p>\"}}]}]},{\"type\":\"row\",\"props\":{\"layout\":\"1-2,1-4,1-4|1-1,1-2,1-2\",\"margin\":\"small\"},\"children\":[{\"type\":\"column\",\"props\":{\"image_position\":\"center-center\",\"media_overlay_gradient\":\"\",\"width_medium\":\"1-2\",\"width_small\":\"1-1\"},\"children\":[{\"type\":\"headline\",\"props\":{\"title_element\":\"h1\",\"margin\":\"small\",\"text_align\":\"left\",\"text_align_breakpoint\":\"s\",\"text_align_fallback\":\"center\",\"content\":\"\n\n<h1 class=\\\"p1\\\">Route<\\\/h1>\",\"title_style\":\"heading-small\"}}]},{\"type\":\"column\",\"props\":{\"image_position\":\"center-center\",\"media_overlay_gradient\":\"\",\"width_medium\":\"1-4\",\"width_small\":\"1-2\"},\"children\":[{\"type\":\"text\",\"props\":{\"margin\":\"default\",\"column_breakpoint\":\"m\",\"text_align\":\"left\",\"text_align_breakpoint\":\"s\",\"text_align_fallback\":\"center\",\"content\":\"\n\n<div id=\\\"content_right2\\\">\\n\n\n<p class=\\\"p1\\\">From Quebec City, take the Pont de Qu\\u00e9bec bridge over to the south shore, then follow the river west on scenic Marie-Victorin Expressway [Highway132] to the village of Sainte-Croix. Once past<span class=\\\"Apple-converted-space\\\">\\u00a0 <\\\/span>the village, continue west on the 132 for 7 km. Our farm is located on the right, just before the road leading to Domaine Joly. It is identified by a sign in the shape of a coat of arms.<\\\/p>\\n<\\\/div>\"}}]},{\"type\":\"column\",\"props\":{\"image_position\":\"center-center\",\"media_overlay_gradient\":\"\",\"width_medium\":\"1-4\",\"width_small\":\"1-2\"},\"children\":[{\"type\":\"text\",\"props\":{\"margin\":\"\",\"column_breakpoint\":\"m\",\"text_align\":\"left\",\"text_align_breakpoint\":\"s\",\"text_align_fallback\":\"center\",\"content\":\"\n\n<p class=\\\"p1\\\">If you prefer to take the highway, or if you are coming from another region of Quebec, take Highway 20 until<span class=\\\"Apple-converted-space\\\">\\u00a0 <\\\/span>the Laurier-Station exit [278]. Then, follow route 271 towards Sainte-Croix. At the crossroads with the Marie-Victorin Expressway [Highway 132], turn left towards the west. Once past<span class=\\\"Apple-converted-space\\\">\\u00a0 <\\\/span>the village, continue west on the 132 for 7 km. Our farm is located on the right, just before the road leading to Domaine Joly. It is identified by a sign in the shape of a coat of arms.<\\\/p>\"}}]}]},{\"type\":\"row\",\"props\":{\"margin\":\"xlarge\"},\"children\":[{\"type\":\"column\",\"props\":{\"image_position\":\"center-center\",\"media_overlay_gradient\":\"\",\"width_medium\":\"1-1\"},\"children\":[{\"type\":\"text\",\"props\":{\"margin\":\"default\",\"column_breakpoint\":\"m\",\"content\":\"<iframe src=\\\"https:\\\/\\\/www.google.com\\\/maps\\\/embed?pb=!1m14!1m8!1m3!1d43829.026237933875!2d-71.84635188000287!3d46.64031041349868!3m2!1i1024!2i768!4f13.1!3m3!1m2!1s0x4cc778c7f95fe281%3A0x8b37aefe273fc326!2sLa%20Ferme%20Du%20Platon!5e0!3m2!1sfr!2sca!4v1634306224082!5m2!1sfr!2sca\\\" width=\\\"100%\\\" height=\\\"450\\\" style=\\\"border:0;\\\" allowfullscreen=\\\"\\\" loading=\\\"lazy\\\"><\\\/iframe>\"}}]}]}],\"name\":\"Contact\"}],\"version\":\"2.4.14\"} --><\/p>\n","protected":false},"excerpt":{"rendered":"<p>La Ferme du Platon is located in the magnificent\u00a0 region of Lotbini\u00e8re, only a few minutes from Quebec City (Quebec, Canada), on the south shore of the St. Lawrence River. 6930, route Marie-VictorinSainte-Croix (Qu\u00e9bec), CanadaG0S 2H0 T\u00e9l.: 418 926 2444Fax: 418 926 2351laferme@lafermeduplaton.com Route From Quebec City, take the Pont de Qu\u00e9bec bridge over to [&hellip;]<\/p>\n","protected":false},"author":1,"featured_media":0,"parent":0,"menu_order":0,"comment_status":"closed","ping_status":"closed","template":"","meta":{"footnotes":""},"class_list":["post-1351","page","type-page","status-publish","hentry"],"_links":{"self":[{"href":"https:\/\/www.lafermeduplaton.com\/en\/wp-json\/wp\/v2\/pages\/1351","targetHints":{"allow":["GET"]}}],"collection":[{"href":"https:\/\/www.lafermeduplaton.com\/en\/wp-json\/wp\/v2\/pages"}],"about":[{"href":"https:\/\/www.lafermeduplaton.com\/en\/wp-json\/wp\/v2\/types\/page"}],"author":[{"embeddable":true,"href":"https:\/\/www.lafermeduplaton.com\/en\/wp-json\/wp\/v2\/users\/1"}],"replies":[{"embeddable":true,"href":"https:\/\/www.lafermeduplaton.com\/en\/wp-json\/wp\/v2\/comments?post=1351"}],"version-history":[{"count":6,"href":"https:\/\/www.lafermeduplaton.com\/en\/wp-json\/wp\/v2\/pages\/1351\/revisions"}],"predecessor-version":[{"id":2160,"href":"https:\/\/www.lafermeduplaton.com\/en\/wp-json\/wp\/v2\/pages\/1351\/revisions\/2160"}],"wp:attachment":[{"href":"https:\/\/www.lafermeduplaton.com\/en\/wp-json\/wp\/v2\/media?parent=1351"}],"curies":[{"name":"wp","href":"https:\/\/api.w.org\/{rel}","templated":true}]}}